
{"id":39,"date":"2014-07-09T16:51:35","date_gmt":"2014-07-09T16:51:35","guid":{"rendered":"http:\/\/bautagebuch.pixelstreet.net\/?page_id=39"},"modified":"2016-11-02T08:38:05","modified_gmt":"2016-11-02T08:38:05","slug":"plane","status":"publish","type":"page","link":"http:\/\/www.baupixel.de\/?page_id=39","title":{"rendered":"Pl\u00e4ne"},"content":{"rendered":"<p>Hier unser Bauablaufplan, aber keine Garantie auf Vollst\u00e4ndigkeit.<\/p>\n<p>24.01.2015 &#8211; erste Besichtigung des Grundst\u00fcckes<br \/>\n12.02.2015 &#8211; Notar Termin zum Grundst\u00fcckskauf<br \/>\n16.02.2015 &#8211; Abgabe Antrag zur Bestellung der Grundschuld<\/p>\n<style>\r\n\r\ntable#t1 {\r\n    border-collapse: collapse;\r\n\tborder-width: 0px;\r\n\tborder-style: outset;\r\n    margin: 20px 0;\r\n\tline-height: 1.2em;\r\n    text-align: center;\r\n    vertical-align: top;width: 100%;border-top: 1px solid #AFAFAF;border-bottom: 1px solid #AFAFAF;border-right: 1px solid #AFAFAF;box-shadow: 0 2px 3px rgba(0, 0, 0, 0.4);\r\n\t\r\n}\r\ntable#t1 thead tr {\r\n\r\n}\r\ntable#t1 thead tr th.t1 {\r\ncolor: #EEEEEE;\r\nbackground: #1D1D1D;\r\nbackground: -moz-linear-gradient(top,  #1D1D1D 0%, #303030 100%);\r\nbackground: -webkit-gradient(linear, left top, left bottom, color-stop(0%,#1D1D1D), color-stop(100%,#303030)); \r\nbackground: -webkit-linear-gradient(top,  #1D1D1D 0%,#303030 100%);\r\nbackground: -o-linear-gradient(top,  #1D1D1D 0%,#303030 100%);\r\nbackground: -ms-linear-gradient(top,  #1D1D1D 0%,#303030 100%);\r\nbackground: linear-gradient(to bottom,  #1D1D1D 0%,#303030 100%);\r\nfilter: progid:DXImageTransform.Microsoft.gradient( startColorstr=\"#1D1D1D\", endColorstr=\"#303030\",GradientType=0 );\r\nfont-size: 1.5em;\r\nletter-spacing: 0;\r\nline-height: 2.0;\r\ntext-align: center;\r\npadding: 4px;\r\ntext-transform: none;border-bottom: 1px solid #AFAFAF;border-left: 1px solid #AFAFAF;\r\n}\r\ntable#t1 thead tr th#t1.start {\r\n\r\n}\r\ntable#t1 thead tr th#t1.end {\r\n\r\n}\r\ntable#t1 tbody tr {\r\n    background: none repeat scroll 0 0 #FFFFFF;\r\n}\r\ntable#t1 tbody tr.table-alternate {\r\n    background: none repeat scroll 0 0 #FDFDFD;\r\n}\r\n\r\ntable#t1 tbody tr td#n1 {\r\n\twidth: 35%;\r\n\t}table#t1 tbody tr td#n2 {\r\n\twidth: 35%;\r\n\t}table#t1 tbody tr td#n3 {\r\n\twidth: 35%;\r\n\t}\r\n\r\ntable#t1 tbody tr td {\r\n    padding: 5px;\r\n\tborder-width: 0px;\r\n\tfont-size: 1.0em;\r\n\tborder-top: medium none;border-bottom: 1px solid #AFAFAF;border-left: 1px solid #AFAFAF;\r\n    text-align: center;\r\n\tline-height: 1.2;\r\n\tvertical-align: top;\r\n}\r\n}\r\ntable#t1 tfoot tr {\r\n}\r\n\r\ntable#t1 tfoot tr td {\r\nbackground: #1D1D1D;\r\nbackground: -moz-linear-gradient(top,  #1D1D1D 0%, #303030 100%);\r\nbackground: -webkit-gradient(linear, left top, left bottom, color-stop(0%,#1D1D1D), color-stop(100%,#303030)); \r\nbackground: -webkit-linear-gradient(top,  #1D1D1D 0%,#303030 100%);\r\nbackground: -o-linear-gradient(top,  #1D1D1D 0%,#303030 100%);\r\nbackground: -ms-linear-gradient(top,  #1D1D1D 0%,#303030 100%);\r\nbackground: linear-gradient(to bottom,  #1D1D1D 0%,#303030 100%);\r\nfilter: progid:DXImageTransform.Microsoft.gradient( startColorstr=\"#1D1D1D\", endColorstr=\"#303030\",GradientType=0 );\r\npadding: 4px;\r\nborder-width: 0px;\r\nfont-size: 1.0em;\r\ncolor: #CCCCCC;\r\nborder-top: medium none;\r\ntext-align: center;border-left: 1px solid #AFAFAF;\r\n}\r\n<\/style><table id=\"t1\">\r\n\t\t<thead>\r\n\t\t\t<tr><th scope=\"col\" class=\"t1\" id=\"n1\">Meilenstein<\/th><th scope=\"col\" class=\"t1\" id=\"n2\">Geplant<\/th><th scope=\"col\" class=\"t1\" id=\"n3\">Erledigt<\/th><\/tr><\/thead>\r\n\t<tbody><tr class=\"table-alternate row1\"> <td id=\"n1\" class=\"start\">Finanzierung<\/td><td id=\"n2\" ><\/td><td id=\"n3\" >15.02.2015<\/td><\/tr><tr class= \"table-noalt row2\"><td id=\"n1\" class=\"start\">Grundst\u00fcckskauf\/Notarvertrag<\/td><td id=\"n2\" ><\/td><td id=\"n3\" >12.02.2015<\/td><\/tr><tr class=\"table-alternate row3\"> <td id=\"n1\" class=\"start\">Bautr\u00e4ger<\/td><td id=\"n2\" ><\/td><td id=\"n3\" >11.09.2014<\/td><\/tr><tr class= \"table-noalt row4\"><td id=\"n1\" class=\"start\">Architektentermin<\/td><td id=\"n2\" >M\u00e4rz 2015<\/td><td id=\"n3\" ><\/td><\/tr><tr class=\"table-alternate row5\"> <td id=\"n1\" class=\"start\">Vermesser<\/td><td id=\"n2\" >M\u00e4rz 2015<\/td><td id=\"n3\" ><\/td><\/tr><tr class= \"table-noalt row6\"><td id=\"n1\" class=\"start\">Bauantrag<\/td><td id=\"n2\" ><\/td><td id=\"n3\" >13.04.2015<\/td><\/tr><tr class=\"table-alternate row7\"> <td id=\"n1\" class=\"start\">Bodengutachten<\/td><td id=\"n2\" >April 2015<\/td><td id=\"n3\" >Mai 2015<\/td><\/tr><tr class= \"table-noalt row8\"><td id=\"n1\" class=\"start\">Baugenehmigung<\/td><td id=\"n2\" ><\/td><td id=\"n3\" >08.07.2015<\/td><\/tr><tr class=\"table-alternate row9\"> <td id=\"n1\" class=\"start\">Baum f\u00e4llen<\/td><td id=\"n2\" >April 2015<\/td><td id=\"n3\" >25.07.2015<\/td><\/tr><tr class= \"table-noalt row10\"><td id=\"n1\" class=\"start\">Baustrom<\/td><td id=\"n2\" >April 2015<\/td><td id=\"n3\" >04.09.2015<\/td><\/tr><tr class=\"table-alternate row11\"> <td id=\"n1\" class=\"start\">geplanter Baubeginn <\/td><td id=\"n2\" >sp\u00e4testens 25. Juli 2015<\/td><td id=\"n3\" ><\/td><\/tr><tr class= \"table-noalt row12\"><td id=\"n1\" class=\"start\">Bodenaushub<\/td><td id=\"n2\" >Juli 2015<\/td><td id=\"n3\" >20.08.2015+21.08.2015<\/td><\/tr><tr class=\"table-alternate row13\"> <td id=\"n1\" class=\"start\">Bodenplatte<\/td><td id=\"n2\" >Juli 2015<\/td><td id=\"n3\" >05.09.2015<\/td><\/tr><tr class= \"table-noalt row14\"><td id=\"n1\" class=\"start\">Rohbau<\/td><td id=\"n2\" >KW 37 \/ 38<\/td><td id=\"n3\" >07.09.2015-19.09.2015<\/td><\/tr><tr class=\"table-alternate row15\"> <td id=\"n1\" class=\"start\">Dachstuhl<\/td><td id=\"n2\" >KW 40<\/td><td id=\"n3\" >28.09.2015<\/td><\/tr><tr class= \"table-noalt row16\"><td id=\"n1\" class=\"start\">Einbau Fenster und T\u00fcr<\/td><td id=\"n2\" >KW 41<\/td><td id=\"n3\" >05.10.2015<\/td><\/tr><tr class=\"table-alternate row17\"> <td id=\"n1\" class=\"start\">Dach<\/td><td id=\"n2\" >KW 40 - 43<\/td><td id=\"n3\" >29.09.2015-17.10.2015<\/td><\/tr><tr class= \"table-noalt row18\"><td id=\"n1\" class=\"start\">Trockenbau Decke<\/td><td id=\"n2\" >KW 41 \/ 42<\/td><td id=\"n3\" >08.10.2015-17.10.2015<\/td><\/tr><tr class=\"table-alternate row19\"> <td id=\"n1\" class=\"start\">Elektro Rohbau<\/td><td id=\"n2\" >KW 41 \/ 42<\/td><td id=\"n3\" >05.10.2015<\/td><\/tr><tr class= \"table-noalt row20\"><td id=\"n1\" class=\"start\">Innenputz<\/td><td id=\"n2\" >KW 43<\/td><td id=\"n3\" >21.10.2015-29.10.2015<\/td><\/tr><tr class=\"table-alternate row21\"> <td id=\"n1\" class=\"start\">Heizung, Sanit\u00e4r Rohbau<\/td><td id=\"n2\" >KW 44 \/ 45<\/td><td id=\"n3\" >26.10.2015-12.11.2015<\/td><\/tr><tr class= \"table-noalt row22\"><td id=\"n1\" class=\"start\">Estrich<\/td><td id=\"n2\" >KW 46<\/td><td id=\"n3\" >17.10.2015<\/td><\/tr><tr class=\"table-alternate row23\"> <td id=\"n1\" class=\"start\">Au\u00dfenputz<\/td><td id=\"n2\" >KW 44 - 50<\/td><td id=\"n3\" >08.12.-11.12.2015<\/td><\/tr><tr class= \"table-noalt row24\"><td id=\"n1\" class=\"start\">Aufheizen<\/td><td id=\"n2\" >KW 50 \/ 51<\/td><td id=\"n3\" >14.12.-31.12.2015<\/td><\/tr><tr class=\"table-alternate row25\"> <td id=\"n1\" class=\"start\">Fliesen<\/td><td id=\"n2\" >KW 52 - 02<\/td><td id=\"n3\" >18.01.-22.01.2016<\/td><\/tr><tr class= \"table-noalt row26\"><td id=\"n1\" class=\"start\">Innent\u00fcren<\/td><td id=\"n2\" >KW 02<\/td><td id=\"n3\" >19.01.2016<\/td><\/tr><tr class=\"table-alternate row27\"> <td id=\"n1\" class=\"start\">Elektro fertig<\/td><td id=\"n2\" >KW 02<\/td><td id=\"n3\" >26.01.-27.01.2016<\/td><\/tr><tr class= \"table-noalt row28\"><td id=\"n1\" class=\"start\">Heizung\/Sanit\u00e4r fertig<\/td><td id=\"n2\" >KW 02<\/td><td id=\"n3\" >25.01.-01.02.2016<\/td><\/tr><tr class=\"table-alternate row29\"> <td id=\"n1\" class=\"start\">\u00dcbergabe<\/td><td id=\"n2\" >KW 05<\/td><td id=\"n3\" ><\/td><\/tr><\/tbody><\/table>\n","protected":false},"excerpt":{"rendered":"<p>Hier unser Bauablaufplan, aber keine Garantie auf Vollst\u00e4ndigkeit. 24.01.2015 &#8211; erste Besichtigung des Grundst\u00fcckes 12.02.2015 &#8211; Notar Termin zum Grundst\u00fcckskauf<\/p>\n","protected":false},"author":1,"featured_media":0,"parent":0,"menu_order":0,"comment_status":"open","ping_status":"open","template":"","meta":{"spay_email":""},"_links":{"self":[{"href":"http:\/\/www.baupixel.de\/index.php?rest_route=\/wp\/v2\/pages\/39"}],"collection":[{"href":"http:\/\/www.baupixel.de\/index.php?rest_route=\/wp\/v2\/pages"}],"about":[{"href":"http:\/\/www.baupixel.de\/index.php?rest_route=\/wp\/v2\/types\/page"}],"author":[{"embeddable":true,"href":"http:\/\/www.baupixel.de\/index.php?rest_route=\/wp\/v2\/users\/1"}],"replies":[{"embeddable":true,"href":"http:\/\/www.baupixel.de\/index.php?rest_route=%2Fwp%2Fv2%2Fcomments&post=39"}],"version-history":[{"count":2,"href":"http:\/\/www.baupixel.de\/index.php?rest_route=\/wp\/v2\/pages\/39\/revisions"}],"predecessor-version":[{"id":784,"href":"http:\/\/www.baupixel.de\/index.php?rest_route=\/wp\/v2\/pages\/39\/revisions\/784"}],"wp:attachment":[{"href":"http:\/\/www.baupixel.de\/index.php?rest_route=%2Fwp%2Fv2%2Fmedia&parent=39"}],"curies":[{"name":"wp","href":"https:\/\/api.w.org\/{rel}","templated":true}]}}